{"id":255,"date":"2016-09-20T14:23:50","date_gmt":"2016-09-20T13:23:50","guid":{"rendered":"http:\/\/www.binnenbeginnen.nl\/?page_id=255"},"modified":"2026-01-01T12:31:39","modified_gmt":"2026-01-01T11:31:39","slug":"geld-gezin","status":"publish","type":"page","link":"https:\/\/www.binnenbeginnen.nl\/?page_id=255","title":{"rendered":"Geld &#038; Gezin"},"content":{"rendered":"<p><img loading=\"lazy\" decoding=\"async\" class=\"size-medium wp-image-274 alignright\" src=\"http:\/\/www.binnenbeginnen.nl\/blog\/wp-content\/uploads\/2016\/09\/Verdegaal-GG-187x300.png\" alt=\"verdegaal-gg\" width=\"187\" height=\"300\" srcset=\"https:\/\/www.binnenbeginnen.nl\/blog\/wp-content\/uploads\/2016\/09\/Verdegaal-GG-187x300.png 187w, https:\/\/www.binnenbeginnen.nl\/blog\/wp-content\/uploads\/2016\/09\/Verdegaal-GG.png 586w\" sizes=\"auto, (max-width: 187px) 100vw, 187px\" \/>In Geld &amp; gezin legt Verdegaal uit hoe een gezin geldkwesties zelf kan oplossen. Ze laat je eerst de wensen en het financi\u00eble karakter van je gezinsleden ontdekken. Daarna volgt voor bijna elk denkbaar geldprobleem een enthousiaste uitleg, een praktisch advies, een winstgevende tip of een creatieve oplossing. Geld is niet moeilijk, integendeel; het is fascinerend \u00e9n verrassend eenvoudig om gezinsfinanci\u00ebn z\u00e9lf beheersbaar te houden.<\/p>\n<p>Vrijwel alle geldzaken waarmee een gezin te maken kan krijgen, komen hier aan de orde. Hierbij zijn zowel beslissingen en beleid met betrekking tot volwassenen als regelingen met de (klein)kinderen aan de orde. Successievelijk worden deze financiele onderwerpen categorisch besproken aan de hand van praktische voorbeelden, hierbij geldende wettelijke bepalingen, overwegingen en vervolgens: praktische adviezen, tips en mogelijke oplossingen. De tekst die op verhalende en duidelijke wijze de lezer zich doet inleven in de situatie, wordt aangevuld door overzichtelijke schema&#8217;s met vergelijkingen en bedragen. De informatie is actueel, inzichtelijk en voor iedereen toegankelijk; dit is dan tevens wat het boek beoogt te zijn &#8211; en ook geworden is -: een praktische begeleider bij het treffen van dagelijkse financiele regelingen en de planning voor langere termijn (bijvoorbeeld huishoud- en zakgeld, sparen, verzekeren, hypotheken, pensioenen, erven en schenken). Ook wordt ingegaan op de financiele consequenties van bijzondere omstandigheden als echtscheiding, testamenten en samenlevingsvormen. Een overzichtelijke, volledige en vooral ook daadwerkelijk toepasbare en deskundige informatiebron voor talrijke particuliere geldkwesties.<\/p>\n<p>(Biblion recensie, D.M. van Helden-Pol)<\/p>\n<p><!--more--><img loading=\"lazy\" decoding=\"async\" class=\"size-medium wp-image-216 alignleft\" src=\"http:\/\/www.binnenbeginnen.nl\/blog\/wp-content\/uploads\/2016\/09\/dBm-BinnenBeginnen-HS-Logo-600x100-300x57.png\" alt=\"\" width=\"300\" height=\"57\" srcset=\"https:\/\/www.binnenbeginnen.nl\/blog\/wp-content\/uploads\/2016\/09\/dBm-BinnenBeginnen-HS-Logo-600x100-300x57.png 300w, https:\/\/www.binnenbeginnen.nl\/blog\/wp-content\/uploads\/2016\/09\/dBm-BinnenBeginnen-HS-Logo-600x100.png 525w\" sizes=\"auto, (max-width: 300px) 100vw, 300px\" \/><\/p>\n<p><span style=\"color: #ffffff;\"><em>Bewindvoering Harderwijk , Bewindvoer<img loading=\"lazy\" decoding=\"async\" class=\"alignright size-full wp-image-475\" src=\"http:\/\/www.binnenbeginnen.nl\/blog\/wp-content\/uploads\/2026\/01\/Aegis-logo.png\" alt=\"\" width=\"134\" height=\"39\" \/>ing voor mensen met een verstandelijke beperking, Curatele verstandelijke beperking, Bewindvoering Harderwijk.<\/em><\/span><\/p>\n","protected":false},"excerpt":{"rendered":"<p>In Geld &amp; gezin legt Verdegaal uit hoe een gezin geldkwesties zelf kan oplossen. Ze laat je eerst de wensen en het financi\u00eble karakter van je gezinsleden ontdekken. Daarna volgt voor bijna elk denkbaar geldprobleem een enthousiaste uitleg, een praktisch<\/p>\n","protected":false},"author":1,"featured_media":0,"parent":0,"menu_order":5,"comment_status":"closed","ping_status":"closed","template":"","meta":{"footnotes":""},"class_list":["post-255","page","type-page","status-publish","hentry"],"_links":{"self":[{"href":"https:\/\/www.binnenbeginnen.nl\/index.php?rest_route=\/wp\/v2\/pages\/255","targetHints":{"allow":["GET"]}}],"collection":[{"href":"https:\/\/www.binnenbeginnen.nl\/index.php?rest_route=\/wp\/v2\/pages"}],"about":[{"href":"https:\/\/www.binnenbeginnen.nl\/index.php?rest_route=\/wp\/v2\/types\/page"}],"author":[{"embeddable":true,"href":"https:\/\/www.binnenbeginnen.nl\/index.php?rest_route=\/wp\/v2\/users\/1"}],"replies":[{"embeddable":true,"href":"https:\/\/www.binnenbeginnen.nl\/index.php?rest_route=%2Fwp%2Fv2%2Fcomments&post=255"}],"version-history":[{"count":4,"href":"https:\/\/www.binnenbeginnen.nl\/index.php?rest_route=\/wp\/v2\/pages\/255\/revisions"}],"predecessor-version":[{"id":492,"href":"https:\/\/www.binnenbeginnen.nl\/index.php?rest_route=\/wp\/v2\/pages\/255\/revisions\/492"}],"wp:attachment":[{"href":"https:\/\/www.binnenbeginnen.nl\/index.php?rest_route=%2Fwp%2Fv2%2Fmedia&parent=255"}],"curies":[{"name":"wp","href":"https:\/\/api.w.org\/{rel}","templated":true}]}}